{"id":3246,"date":"2021-10-14T14:01:27","date_gmt":"2021-10-14T14:01:27","guid":{"rendered":"https:\/\/lojabhinformatica.com.br\/?page_id=3246"},"modified":"2021-10-14T14:01:29","modified_gmt":"2021-10-14T14:01:29","slug":"politica-de-devolucao-e-troca","status":"publish","type":"page","link":"https:\/\/lojabhinformatica.com.br\/?page_id=3246","title":{"rendered":"Pol\u00edtica de devolu\u00e7\u00e3o e troca"},"content":{"rendered":"\n<h4 class=\"wp-block-heading\">POL\u00cdTICA DE TROCA, DEVOLU\u00c7\u00c3O E ARREPENDIMENTO<\/h4>\n\n\n\n<p>A https:\/\/lojabhinformatica.com.br,primando pela qualidade e satisfa\u00e7\u00e3o de seus clientes. Pelo respeito e para que seja mantida a credibilidade conquistada junto aos seus consumidores, a empresa criou uma pol\u00edtica de troca e devolu\u00e7\u00e3o de acordo com o C\u00f3digo de Defesa do Consumidor, e preocupada para que voc\u00ea (cliente) obtenha uma negocia\u00e7\u00e3o eficaz, \u00e1gil e principalmente satisfat\u00f3ria.<\/p>\n\n\n\n<p>Caso opte pelo contato via correio eletr\u00f4nico ou telef\u00f4nico, ser\u00e1 encaminhado a voc\u00ea o formul\u00e1rio para preenchimento e envio junto \u00e0(s) pe\u00e7a(s). O produto devolvido sem esse formul\u00e1rio e\/ou sem a comunica\u00e7\u00e3o ao SAC ser\u00e1 reenviado sem consulta pr\u00e9via.<\/p>\n\n\n\n<p>Ao efetuar o processo de devolu\u00e7\u00e3o\/troca o cliente dever\u00e1 no verso da nota fiscal a ser devolvida\/trocada, informar o motivo da devolu\u00e7\u00e3o\/troca, o nome de quem est\u00e1 devolvendo, CPF e a data da devolu\u00e7\u00e3o.<\/p>\n\n\n\n<p><strong>*ATEN\u00c7\u00c3O:<\/strong>&nbsp;Para efetuar o processo de troca \u00e9 necess\u00e1rio estar logado. Devolu\u00e7\u00e3o por Arrependimento\/Desist\u00eancia Se ao receber o produto, voc\u00ea resolver devolv\u00ea-lo por arrependimento, dever\u00e1 faz\u00ea-lo em at\u00e9 sete dias corridos, a contar da data de recebimento.<\/p>\n\n\n\n<p>Observando as seguintes condi\u00e7\u00f5es: O produto n\u00e3o poder\u00e1 ter ind\u00edcios de uso.<\/p>\n\n\n\n<p>O produto dever\u00e1 ser encaminhado preferencialmente na embalagem original, acompanhado de nota fiscal, etiquetas, tags (etiqueta com c\u00f3digo de refer\u00eancia do produto) devidamente fixada no produto e todos os seus acess\u00f3rios.<\/p>\n\n\n\n<p>Ao efetuar o processo de devolu\u00e7\u00e3o o cliente dever\u00e1 no verso da nota fiscal a ser devolvida, informar o motivo da recusa\/devolu\u00e7\u00e3o, o nome de quem est\u00e1 devolvendo, CPF e a data da devolu\u00e7\u00e3o.<\/p>\n","protected":false},"excerpt":{"rendered":"<p>POL\u00cdTICA DE TROCA, DEVOLU\u00c7\u00c3O E ARREPENDIMENTO A https:\/\/lojabhinformatica.com.br,primando pela qualidade e satisfa\u00e7\u00e3o de seus clientes. Pelo respeito e para que seja mantida a credibilidade conquistada junto aos seus consumidores, a empresa criou uma pol\u00edtica de troca e devolu\u00e7\u00e3o de acordo com o C\u00f3digo de Defesa do Consumidor, e preocupada para que voc\u00ea (cliente) obtenha uma&#8230;<\/p>\n","protected":false},"author":1,"featured_media":0,"parent":0,"menu_order":0,"comment_status":"closed","ping_status":"closed","template":"","meta":{"_monsterinsights_skip_tracking":false,"_monsterinsights_sitenote_active":false,"_monsterinsights_sitenote_note":"","_monsterinsights_sitenote_category":0,"_kadence_starter_templates_imported_post":false,"_kad_post_transparent":"","_kad_post_title":"","_kad_post_layout":"","_kad_post_sidebar_id":"","_kad_post_content_style":"","_kad_post_vertical_padding":"","_kad_post_feature":"","_kad_post_feature_position":"","_kad_post_header":false,"_kad_post_footer":false,"_joinchat":[],"footnotes":""},"class_list":["post-3246","page","type-page","status-publish","hentry"],"aioseo_notices":[],"_links":{"self":[{"href":"https:\/\/lojabhinformatica.com.br\/index.php?rest_route=\/wp\/v2\/pages\/3246","targetHints":{"allow":["GET"]}}],"collection":[{"href":"https:\/\/lojabhinformatica.com.br\/index.php?rest_route=\/wp\/v2\/pages"}],"about":[{"href":"https:\/\/lojabhinformatica.com.br\/index.php?rest_route=\/wp\/v2\/types\/page"}],"author":[{"embeddable":true,"href":"https:\/\/lojabhinformatica.com.br\/index.php?rest_route=\/wp\/v2\/users\/1"}],"replies":[{"embeddable":true,"href":"https:\/\/lojabhinformatica.com.br\/index.php?rest_route=%2Fwp%2Fv2%2Fcomments&post=3246"}],"version-history":[{"count":0,"href":"https:\/\/lojabhinformatica.com.br\/index.php?rest_route=\/wp\/v2\/pages\/3246\/revisions"}],"wp:attachment":[{"href":"https:\/\/lojabhinformatica.com.br\/index.php?rest_route=%2Fwp%2Fv2%2Fmedia&parent=3246"}],"curies":[{"name":"wp","href":"https:\/\/api.w.org\/{rel}","templated":true}]}}