{"id":4451,"date":"2021-12-02T17:24:47","date_gmt":"2021-12-02T17:24:47","guid":{"rendered":"https:\/\/lojabhinformatica.com.br\/?page_id=4451"},"modified":"2021-12-04T17:07:16","modified_gmt":"2021-12-04T17:07:16","slug":"servico","status":"publish","type":"page","link":"https:\/\/lojabhinformatica.com.br\/?page_id=4451","title":{"rendered":"Servi\u00e7o"},"content":{"rendered":"\t\t<div data-elementor-type=\"wp-page\" data-elementor-id=\"4451\" class=\"elementor elementor-4451\">\n\t\t\t\t\t\t<section class=\"elementor-section elementor-top-section elementor-element elementor-element-927d7e3 elementor-hidden-mobile elementor-section-height-min-height elementor-section-boxed elementor-section-height-default elementor-section-items-middle\" data-id=\"927d7e3\" data-element_type=\"section\" data-e-type=\"section\" data-settings=\"{&quot;background_background&quot;:&quot;gradient&quot;}\">\n\t\t\t\t\t\t<div class=\"elementor-container elementor-column-gap-default\">\n\t\t\t\t\t<div class=\"elementor-column elementor-col-50 elementor-top-column elementor-element elementor-element-e1c516c\" data-id=\"e1c516c\" data-element_type=\"column\" data-e-type=\"column\">\n\t\t\t<div class=\"elementor-widget-wrap elementor-element-populated\">\n\t\t\t\t\t\t<div class=\"elementor-element elementor-element-7985a6e elementor-widget elementor-widget-image\" data-id=\"7985a6e\" data-element_type=\"widget\" data-e-type=\"widget\" data-widget_type=\"image.default\">\n\t\t\t\t<div class=\"elementor-widget-container\">\n\t\t\t\t\t\t\t\t\t\t\t\t\t\t\t<img fetchpriority=\"high\" decoding=\"async\" width=\"417\" height=\"170\" src=\"https:\/\/lojabhinformatica.com.br\/wp-content\/uploads\/2021\/12\/Captura-de-tela-2021-12-03-121714-copia.png\" class=\"attachment-large size-large wp-image-4581\" alt=\"\" srcset=\"https:\/\/lojabhinformatica.com.br\/wp-content\/uploads\/2021\/12\/Captura-de-tela-2021-12-03-121714-copia.png 417w, https:\/\/lojabhinformatica.com.br\/wp-content\/uploads\/2021\/12\/Captura-de-tela-2021-12-03-121714-copia-300x122.png 300w\" sizes=\"(max-width: 417px) 100vw, 417px\" \/>\t\t\t\t\t\t\t\t\t\t\t\t\t\t\t<\/div>\n\t\t\t\t<\/div>\n\t\t\t\t\t<\/div>\n\t\t<\/div>\n\t\t\t\t<div class=\"elementor-column elementor-col-50 elementor-top-column elementor-element elementor-element-eaa40d3\" data-id=\"eaa40d3\" data-element_type=\"column\" data-e-type=\"column\">\n\t\t\t<div class=\"elementor-widget-wrap elementor-element-populated\">\n\t\t\t\t\t\t<div class=\"elementor-element elementor-element-16d88ce elementor-widget elementor-widget-image\" data-id=\"16d88ce\" data-element_type=\"widget\" data-e-type=\"widget\" data-widget_type=\"image.default\">\n\t\t\t\t<div class=\"elementor-widget-container\">\n\t\t\t\t\t\t\t\t\t\t\t\t\t\t\t<img decoding=\"async\" width=\"799\" height=\"535\" src=\"https:\/\/lojabhinformatica.com.br\/wp-content\/uploads\/2021\/12\/reparo-em-placa-de-iphone.png\" class=\"attachment-large size-large wp-image-4570\" alt=\"\" srcset=\"https:\/\/lojabhinformatica.com.br\/wp-content\/uploads\/2021\/12\/reparo-em-placa-de-iphone.png 799w, https:\/\/lojabhinformatica.com.br\/wp-content\/uploads\/2021\/12\/reparo-em-placa-de-iphone-300x201.png 300w, https:\/\/lojabhinformatica.com.br\/wp-content\/uploads\/2021\/12\/reparo-em-placa-de-iphone-768x514.png 768w, https:\/\/lojabhinformatica.com.br\/wp-content\/uploads\/2021\/12\/reparo-em-placa-de-iphone-700x469.png 700w\" sizes=\"(max-width: 799px) 100vw, 799px\" \/>\t\t\t\t\t\t\t\t\t\t\t\t\t\t\t<\/div>\n\t\t\t\t<\/div>\n\t\t\t\t\t<\/div>\n\t\t<\/div>\n\t\t\t\t\t<\/div>\n\t\t<\/section>\n\t\t\t\t<section class=\"elementor-section elementor-top-section elementor-element elementor-element-724a54e elementor-hidden-mobile elementor-section-height-min-height elementor-section-boxed elementor-section-height-default elementor-section-items-middle\" data-id=\"724a54e\" data-element_type=\"section\" data-e-type=\"section\" data-settings=\"{&quot;background_background&quot;:&quot;gradient&quot;}\">\n\t\t\t\t\t\t<div class=\"elementor-container elementor-column-gap-default\">\n\t\t\t\t\t<div class=\"elementor-column elementor-col-100 elementor-top-column elementor-element elementor-element-47dc264\" data-id=\"47dc264\" data-element_type=\"column\" data-e-type=\"column\">\n\t\t\t<div class=\"elementor-widget-wrap elementor-element-populated\">\n\t\t\t\t\t\t<div class=\"elementor-element elementor-element-333472d elementor-hidden-mobile elementor-widget elementor-widget-heading\" data-id=\"333472d\" data-element_type=\"widget\" data-e-type=\"widget\" data-widget_type=\"heading.default\">\n\t\t\t\t<div class=\"elementor-widget-container\">\n\t\t\t\t\t<h2 class=\"elementor-heading-title elementor-size-default\">Especializada em reparo  placa m\u00e3e de iPhone <\/h2>\t\t\t\t<\/div>\n\t\t\t\t<\/div>\n\t\t\t\t\t<\/div>\n\t\t<\/div>\n\t\t\t\t\t<\/div>\n\t\t<\/section>\n\t\t\t\t<section class=\"elementor-section elementor-top-section elementor-element elementor-element-616cd63 elementor-hidden-mobile elementor-section-boxed elementor-section-height-default elementor-section-height-default\" data-id=\"616cd63\" data-element_type=\"section\" data-e-type=\"section\" data-settings=\"{&quot;background_background&quot;:&quot;classic&quot;}\">\n\t\t\t\t\t\t<div class=\"elementor-container elementor-column-gap-default\">\n\t\t\t\t\t<div class=\"elementor-column elementor-col-50 elementor-top-column elementor-element elementor-element-0430c95\" data-id=\"0430c95\" data-element_type=\"column\" data-e-type=\"column\">\n\t\t\t<div class=\"elementor-widget-wrap elementor-element-populated\">\n\t\t\t\t\t\t<div class=\"elementor-element elementor-element-21d8377 elementor-widget elementor-widget-heading\" data-id=\"21d8377\" data-element_type=\"widget\" data-e-type=\"widget\" data-widget_type=\"heading.default\">\n\t\t\t\t<div class=\"elementor-widget-container\">\n\t\t\t\t\t<h2 class=\"elementor-heading-title elementor-size-default\">Seu iPhone estragou? <br><br>queimou a placa?<br><br>nao joga fora<br><br>Temos a solu\u00e7\u00e3o!<\/h2>\t\t\t\t<\/div>\n\t\t\t\t<\/div>\n\t\t\t\t\t<\/div>\n\t\t<\/div>\n\t\t\t\t<div class=\"elementor-column elementor-col-50 elementor-top-column elementor-element elementor-element-04e340c\" data-id=\"04e340c\" data-element_type=\"column\" data-e-type=\"column\">\n\t\t\t<div class=\"elementor-widget-wrap elementor-element-populated\">\n\t\t\t\t\t\t<div class=\"elementor-element elementor-element-2f3aae5 elementor-hidden-mobile elementor-widget elementor-widget-wpforms\" data-id=\"2f3aae5\" data-element_type=\"widget\" data-e-type=\"widget\" data-widget_type=\"wpforms.default\">\n\t\t\t\t<div class=\"elementor-widget-container\">\n\t\t\t\t\t<div class=\"wpforms-container wpforms-container-full\" id=\"wpforms-4587\"><form id=\"wpforms-form-4587\" class=\"wpforms-validate wpforms-form wpforms-ajax-form\" data-formid=\"4587\" method=\"post\" enctype=\"multipart\/form-data\" action=\"\/index.php?rest_route=%2Fwp%2Fv2%2Fpages%2F4451\" data-token=\"5947075d4a27d76f8513d2442ab24738\" data-token-time=\"1776609611\"><noscript class=\"wpforms-error-noscript\">Ative o JavaScript no seu navegador para preencher este formul\u00e1rio.<\/noscript><div class=\"wpforms-field-container\"><div id=\"wpforms-4587-field_4-container\" class=\"wpforms-field wpforms-field-name\" data-field-id=\"4\"><label class=\"wpforms-field-label\">Nome <span class=\"wpforms-required-label\">*<\/span><\/label><div class=\"wpforms-field-row wpforms-field-medium\"><div class=\"wpforms-field-row-block wpforms-first wpforms-one-half\"><input type=\"text\" id=\"wpforms-4587-field_4\" class=\"wpforms-field-name-first wpforms-field-required\" name=\"wpforms[fields][4][first]\" placeholder=\"Nome\" required><label for=\"wpforms-4587-field_4\" class=\"wpforms-field-sublabel after\">Nome<\/label><\/div><div class=\"wpforms-field-row-block wpforms-one-half\"><input type=\"text\" id=\"wpforms-4587-field_4-last\" class=\"wpforms-field-name-last wpforms-field-required\" name=\"wpforms[fields][4][last]\" placeholder=\"Sobrenome\" required><label for=\"wpforms-4587-field_4-last\" class=\"wpforms-field-sublabel after\">Sobrenome<\/label><\/div><\/div><\/div><div id=\"wpforms-4587-field_7-container\" class=\"wpforms-field wpforms-field-number\" data-field-id=\"7\"><label class=\"wpforms-field-label\" for=\"wpforms-4587-field_7\">N\u00famero<\/label><input type=\"number\" id=\"wpforms-4587-field_7\" class=\"wpforms-field-medium\" name=\"wpforms[fields][7]\" step=\"any\" ><\/div><div id=\"wpforms-4587-field_3-container\" class=\"wpforms-field wpforms-field-email\" data-field-id=\"3\"><label class=\"wpforms-field-label\" for=\"wpforms-4587-field_3\">Email <span class=\"wpforms-required-label\">*<\/span><\/label><input type=\"email\" id=\"wpforms-4587-field_3\" class=\"wpforms-field-medium wpforms-field-required\" name=\"wpforms[fields][3]\" spellcheck=\"false\" required><\/div><div id=\"wpforms-4587-field_9-container\" class=\"wpforms-field wpforms-field-textarea\" data-field-id=\"9\"><label class=\"wpforms-field-label\" for=\"wpforms-4587-field_9\">Descreva o  Problema<\/label><textarea id=\"wpforms-4587-field_9\" class=\"wpforms-field-medium\" name=\"wpforms[fields][9]\" ><\/textarea><\/div><\/div><!-- .wpforms-field-container --><div class=\"wpforms-submit-container\" ><input type=\"hidden\" name=\"wpforms[id]\" value=\"4587\"><input type=\"hidden\" name=\"page_title\" value=\"\"><input type=\"hidden\" name=\"page_url\" value=\"https:\/\/lojabhinformatica.com.br\/index.php?rest_route=\/wp\/v2\/pages\/4451\"><input type=\"hidden\" name=\"url_referer\" value=\"\"><button type=\"submit\" name=\"wpforms[submit]\" id=\"wpforms-submit-4587\" class=\"wpforms-submit\" data-alt-text=\"Sending...\" data-submit-text=\"Submit\" aria-live=\"assertive\" value=\"wpforms-submit\">Submit<\/button><img decoding=\"async\" src=\"https:\/\/lojabhinformatica.com.br\/wp-content\/plugins\/wpforms-lite\/assets\/images\/submit-spin.svg\" class=\"wpforms-submit-spinner\" style=\"display: none;\" width=\"26\" height=\"26\" alt=\"Carregando\"><\/div><\/form><\/div>  <!-- .wpforms-container -->\t\t\t\t<\/div>\n\t\t\t\t<\/div>\n\t\t\t\t\t<\/div>\n\t\t<\/div>\n\t\t\t\t\t<\/div>\n\t\t<\/section>\n\t\t\t\t<section class=\"elementor-section elementor-top-section elementor-element elementor-element-74e38c0 elementor-hidden-mobile elementor-section-boxed elementor-section-height-default elementor-section-height-default\" data-id=\"74e38c0\" data-element_type=\"section\" data-e-type=\"section\">\n\t\t\t\t\t\t<div class=\"elementor-container elementor-column-gap-default\">\n\t\t\t\t\t<div class=\"elementor-column elementor-col-66 elementor-top-column elementor-element elementor-element-db56b78\" data-id=\"db56b78\" data-element_type=\"column\" data-e-type=\"column\">\n\t\t\t<div class=\"elementor-widget-wrap elementor-element-populated\">\n\t\t\t\t\t\t<div class=\"elementor-element elementor-element-dbf0f93 elementor-widget elementor-widget-image\" data-id=\"dbf0f93\" data-element_type=\"widget\" data-e-type=\"widget\" data-widget_type=\"image.default\">\n\t\t\t\t<div class=\"elementor-widget-container\">\n\t\t\t\t\t\t\t\t\t\t\t\t\t\t\t<img loading=\"lazy\" decoding=\"async\" width=\"1024\" height=\"682\" src=\"https:\/\/lojabhinformatica.com.br\/wp-content\/uploads\/2021\/12\/iphone-410324_1920-1024x682.jpg\" class=\"attachment-large size-large wp-image-4548\" alt=\"\" srcset=\"https:\/\/lojabhinformatica.com.br\/wp-content\/uploads\/2021\/12\/iphone-410324_1920-1024x682.jpg 1024w, https:\/\/lojabhinformatica.com.br\/wp-content\/uploads\/2021\/12\/iphone-410324_1920-300x200.jpg 300w, https:\/\/lojabhinformatica.com.br\/wp-content\/uploads\/2021\/12\/iphone-410324_1920-768x512.jpg 768w, https:\/\/lojabhinformatica.com.br\/wp-content\/uploads\/2021\/12\/iphone-410324_1920-1536x1023.jpg 1536w, https:\/\/lojabhinformatica.com.br\/wp-content\/uploads\/2021\/12\/iphone-410324_1920-700x466.jpg 700w, https:\/\/lojabhinformatica.com.br\/wp-content\/uploads\/2021\/12\/iphone-410324_1920.jpg 1920w\" sizes=\"(max-width: 1024px) 100vw, 1024px\" \/>\t\t\t\t\t\t\t\t\t\t\t\t\t\t\t<\/div>\n\t\t\t\t<\/div>\n\t\t\t\t\t<\/div>\n\t\t<\/div>\n\t\t\t\t<div class=\"elementor-column elementor-col-33 elementor-top-column elementor-element elementor-element-d56544f\" data-id=\"d56544f\" data-element_type=\"column\" data-e-type=\"column\">\n\t\t\t<div class=\"elementor-widget-wrap elementor-element-populated\">\n\t\t\t\t\t\t<div class=\"elementor-element elementor-element-ab12b80 elementor-hidden-mobile elementor-widget elementor-widget-heading\" data-id=\"ab12b80\" data-element_type=\"widget\" data-e-type=\"widget\" data-widget_type=\"heading.default\">\n\t\t\t\t<div class=\"elementor-widget-container\">\n\t\t\t\t\t<h2 class=\"elementor-heading-title elementor-size-default\">Temos  especialista em reparo de placa m\u00e3e  Iphone   <\/h2>\t\t\t\t<\/div>\n\t\t\t\t<\/div>\n\t\t\t\t\t<\/div>\n\t\t<\/div>\n\t\t\t\t\t<\/div>\n\t\t<\/section>\n\t\t\t\t<section class=\"elementor-section elementor-top-section elementor-element elementor-element-ed2163d elementor-hidden-mobile elementor-section-boxed elementor-section-height-default elementor-section-height-default\" data-id=\"ed2163d\" data-element_type=\"section\" data-e-type=\"section\">\n\t\t\t\t\t\t<div class=\"elementor-container elementor-column-gap-default\">\n\t\t\t\t\t<div class=\"elementor-column elementor-col-33 elementor-top-column elementor-element elementor-element-a16f1b7\" data-id=\"a16f1b7\" data-element_type=\"column\" data-e-type=\"column\">\n\t\t\t<div class=\"elementor-widget-wrap elementor-element-populated\">\n\t\t\t\t\t\t<div class=\"elementor-element elementor-element-c977459 elementor-widget elementor-widget-image\" data-id=\"c977459\" data-element_type=\"widget\" data-e-type=\"widget\" data-widget_type=\"image.default\">\n\t\t\t\t<div class=\"elementor-widget-container\">\n\t\t\t\t\t\t\t\t\t\t\t\t\t\t\t<img loading=\"lazy\" decoding=\"async\" width=\"1024\" height=\"682\" src=\"https:\/\/lojabhinformatica.com.br\/wp-content\/uploads\/2021\/12\/iphone-410324_1920-1024x682.jpg\" class=\"attachment-large size-large wp-image-4548\" alt=\"\" srcset=\"https:\/\/lojabhinformatica.com.br\/wp-content\/uploads\/2021\/12\/iphone-410324_1920-1024x682.jpg 1024w, https:\/\/lojabhinformatica.com.br\/wp-content\/uploads\/2021\/12\/iphone-410324_1920-300x200.jpg 300w, https:\/\/lojabhinformatica.com.br\/wp-content\/uploads\/2021\/12\/iphone-410324_1920-768x512.jpg 768w, https:\/\/lojabhinformatica.com.br\/wp-content\/uploads\/2021\/12\/iphone-410324_1920-1536x1023.jpg 1536w, https:\/\/lojabhinformatica.com.br\/wp-content\/uploads\/2021\/12\/iphone-410324_1920-700x466.jpg 700w, https:\/\/lojabhinformatica.com.br\/wp-content\/uploads\/2021\/12\/iphone-410324_1920.jpg 1920w\" sizes=\"(max-width: 1024px) 100vw, 1024px\" \/>\t\t\t\t\t\t\t\t\t\t\t\t\t\t\t<\/div>\n\t\t\t\t<\/div>\n\t\t\t\t\t<\/div>\n\t\t<\/div>\n\t\t\t\t<div class=\"elementor-column elementor-col-33 elementor-top-column elementor-element elementor-element-f91f0b6\" data-id=\"f91f0b6\" data-element_type=\"column\" data-e-type=\"column\">\n\t\t\t<div class=\"elementor-widget-wrap elementor-element-populated\">\n\t\t\t\t\t\t<div class=\"elementor-element elementor-element-e7709c8 elementor-widget elementor-widget-image\" data-id=\"e7709c8\" data-element_type=\"widget\" data-e-type=\"widget\" data-widget_type=\"image.default\">\n\t\t\t\t<div class=\"elementor-widget-container\">\n\t\t\t\t\t\t\t\t\t\t\t\t\t\t\t<img loading=\"lazy\" decoding=\"async\" width=\"1024\" height=\"575\" src=\"https:\/\/lojabhinformatica.com.br\/wp-content\/uploads\/2021\/12\/marathon-2346948_1920-1024x575.jpg\" class=\"attachment-large size-large wp-image-4549\" alt=\"\" srcset=\"https:\/\/lojabhinformatica.com.br\/wp-content\/uploads\/2021\/12\/marathon-2346948_1920-1024x575.jpg 1024w, https:\/\/lojabhinformatica.com.br\/wp-content\/uploads\/2021\/12\/marathon-2346948_1920-300x169.jpg 300w, https:\/\/lojabhinformatica.com.br\/wp-content\/uploads\/2021\/12\/marathon-2346948_1920-768x432.jpg 768w, https:\/\/lojabhinformatica.com.br\/wp-content\/uploads\/2021\/12\/marathon-2346948_1920-1536x863.jpg 1536w, https:\/\/lojabhinformatica.com.br\/wp-content\/uploads\/2021\/12\/marathon-2346948_1920-700x393.jpg 700w, https:\/\/lojabhinformatica.com.br\/wp-content\/uploads\/2021\/12\/marathon-2346948_1920.jpg 1920w\" sizes=\"(max-width: 1024px) 100vw, 1024px\" \/>\t\t\t\t\t\t\t\t\t\t\t\t\t\t\t<\/div>\n\t\t\t\t<\/div>\n\t\t\t\t\t<\/div>\n\t\t<\/div>\n\t\t\t\t<div class=\"elementor-column elementor-col-33 elementor-top-column elementor-element elementor-element-fbb3b94\" data-id=\"fbb3b94\" data-element_type=\"column\" data-e-type=\"column\">\n\t\t\t<div class=\"elementor-widget-wrap\">\n\t\t\t\t\t\t\t<\/div>\n\t\t<\/div>\n\t\t\t\t\t<\/div>\n\t\t<\/section>\n\t\t\t\t<section class=\"elementor-section elementor-top-section elementor-element elementor-element-9189fbd elementor-section-boxed elementor-section-height-default elementor-section-height-default\" data-id=\"9189fbd\" data-element_type=\"section\" data-e-type=\"section\">\n\t\t\t\t\t\t<div class=\"elementor-container elementor-column-gap-default\">\n\t\t\t\t\t<div class=\"elementor-column elementor-col-100 elementor-top-column elementor-element elementor-element-092f6e3\" data-id=\"092f6e3\" data-element_type=\"column\" data-e-type=\"column\">\n\t\t\t<div class=\"elementor-widget-wrap elementor-element-populated\">\n\t\t\t\t\t\t<div class=\"elementor-element elementor-element-b3f5785 elementor-widget elementor-widget-image\" data-id=\"b3f5785\" data-element_type=\"widget\" data-e-type=\"widget\" data-widget_type=\"image.default\">\n\t\t\t\t<div class=\"elementor-widget-container\">\n\t\t\t\t\t\t\t\t\t\t\t\t\t\t\t<img loading=\"lazy\" decoding=\"async\" width=\"1920\" height=\"1272\" src=\"https:\/\/lojabhinformatica.com.br\/wp-content\/uploads\/2021\/12\/mobile-4381895_1920.jpg\" class=\"attachment-2048x2048 size-2048x2048 wp-image-4561\" alt=\"\" srcset=\"https:\/\/lojabhinformatica.com.br\/wp-content\/uploads\/2021\/12\/mobile-4381895_1920.jpg 1920w, https:\/\/lojabhinformatica.com.br\/wp-content\/uploads\/2021\/12\/mobile-4381895_1920-300x199.jpg 300w, https:\/\/lojabhinformatica.com.br\/wp-content\/uploads\/2021\/12\/mobile-4381895_1920-1024x678.jpg 1024w, https:\/\/lojabhinformatica.com.br\/wp-content\/uploads\/2021\/12\/mobile-4381895_1920-768x509.jpg 768w, https:\/\/lojabhinformatica.com.br\/wp-content\/uploads\/2021\/12\/mobile-4381895_1920-1536x1018.jpg 1536w, https:\/\/lojabhinformatica.com.br\/wp-content\/uploads\/2021\/12\/mobile-4381895_1920-700x464.jpg 700w\" sizes=\"(max-width: 1920px) 100vw, 1920px\" \/>\t\t\t\t\t\t\t\t\t\t\t\t\t\t\t<\/div>\n\t\t\t\t<\/div>\n\t\t\t\t\t<\/div>\n\t\t<\/div>\n\t\t\t\t\t<\/div>\n\t\t<\/section>\n\t\t\t\t<\/div>\n\t\t","protected":false},"excerpt":{"rendered":"<p>Especializada em reparo placa m\u00e3e de iPhone Seu iPhone estragou? queimou a placa? nao joga fora Temos a solu\u00e7\u00e3o! Temos especialista em reparo de placa m\u00e3e Iphone<\/p>\n","protected":false},"author":1,"featured_media":0,"parent":0,"menu_order":0,"comment_status":"closed","ping_status":"closed","template":"","meta":{"_monsterinsights_skip_tracking":false,"_monsterinsights_sitenote_active":false,"_monsterinsights_sitenote_note":"","_monsterinsights_sitenote_category":0,"_kadence_starter_templates_imported_post":false,"_kad_post_transparent":"","_kad_post_title":"hide","_kad_post_layout":"fullwidth","_kad_post_sidebar_id":"","_kad_post_content_style":"unboxed","_kad_post_vertical_padding":"hide","_kad_post_feature":"hide","_kad_post_feature_position":"","_kad_post_header":false,"_kad_post_footer":false,"_joinchat":[],"footnotes":""},"class_list":["post-4451","page","type-page","status-publish","hentry"],"aioseo_notices":[],"_links":{"self":[{"href":"https:\/\/lojabhinformatica.com.br\/index.php?rest_route=\/wp\/v2\/pages\/4451","targetHints":{"allow":["GET"]}}],"collection":[{"href":"https:\/\/lojabhinformatica.com.br\/index.php?rest_route=\/wp\/v2\/pages"}],"about":[{"href":"https:\/\/lojabhinformatica.com.br\/index.php?rest_route=\/wp\/v2\/types\/page"}],"author":[{"embeddable":true,"href":"https:\/\/lojabhinformatica.com.br\/index.php?rest_route=\/wp\/v2\/users\/1"}],"replies":[{"embeddable":true,"href":"https:\/\/lojabhinformatica.com.br\/index.php?rest_route=%2Fwp%2Fv2%2Fcomments&post=4451"}],"version-history":[{"count":0,"href":"https:\/\/lojabhinformatica.com.br\/index.php?rest_route=\/wp\/v2\/pages\/4451\/revisions"}],"wp:attachment":[{"href":"https:\/\/lojabhinformatica.com.br\/index.php?rest_route=%2Fwp%2Fv2%2Fmedia&parent=4451"}],"curies":[{"name":"wp","href":"https:\/\/api.w.org\/{rel}","templated":true}]}}