{"id":2916,"date":"2021-10-08T21:41:18","date_gmt":"2021-10-08T21:41:18","guid":{"rendered":"https:\/\/lojabhinformatica.com.br\/?post_type=product&#038;p=2916"},"modified":"2026-03-28T19:23:30","modified_gmt":"2026-03-28T19:23:30","slug":"eireli","status":"publish","type":"product","link":"https:\/\/lojabhinformatica.com.br\/?product=eireli","title":{"rendered":"Ultrabook Lenovo ThinkPad T470"},"content":{"rendered":"<p>PRONTO PARA OS NEG\u00d3CIOS<br \/>\nO ThinkPad T470 \u00e9 um notebook de 14 polegadas, robusto, seguro e concebido para melhorar a sua produtividade. Possui uma s\u00e9rie de tecnologias de ponta, incluindo leitor de impress\u00f5es digitais, longa dura\u00e7\u00e3o de bateria, al\u00e9m da tradicional confiabilidade de um ThinkPad.<\/p>\n<p>Especifica\u00e7\u00f5es T\u00e9cnicas<br \/>\nProcessador:<\/p>\n<p>&#8211; Processador : Intel\u00ae Core\u2122 i5-7300U<br \/>\nVelocidade: 2.6GHz (at\u00e9 2.71GHz)<br \/>\nCache: 3MB ( Deixe todas as abas abertas e seja feliz )<\/p>\n<p>Intel\u00ae Core\u2122 i5-7300U Memoria RAM<br \/>\nQuantidade: 8GB<br \/>\nExpans\u00edvel: at\u00e9 32GB<br \/>\nTipo: DDR4, 2133 MHz<br \/>\n( E mem\u00f3ria suficiente para trabalhar com multitarefas sem problemas)<\/p>\n<p>&#8211; Armazenamento<br \/>\nCapacidade: \u00a0SSD de 256GB ( Voc\u00ea entendeu? isso mesmo: com este bichinho seu notebook fica mais r\u00e1pido que um leopardo \ud83d\udc06, piscou, abriu.<\/p>\n<p>&#8211; Tela<br \/>\nTamanho: 14\u201d<br \/>\nTipo de imagem: LED Full-HD Antirreflexo<br \/>\nResolu\u00e7\u00e3o: 1920 x 1080 pixels<br \/>\nTecnologia: Tela LED<br \/>\nLeitor de digital<br \/>\nFingerprint Reader<br \/>\n* E Full meu amigo(a), isto significa a melhor tela do mercado.<\/p>\n<p>&#8211; Gr\u00e1fico<br \/>\nIntel\u00ae HD Graphics (integrado ao processador)<br \/>\nPlaca v\u00eddeo integrada Intel da 7\u00aa gera\u00e7\u00e3o, ( Reproduz v\u00eddeos em 4K sem quaisquer travamentos )<\/p>\n<p>&#8211; Dispositivos de Entrada<br \/>\nTeclado: Teclado ABNT<br \/>\n&#8211; Touch pad multitoque ativado por gestos com rolagem integrada.<\/p>\n<p>&#8211; Conectividade<br \/>\nGigabit ethernet<br \/>\nWireless Intel 8265 AC \u2018 Alta velocidade Wi-Fi, pega at\u00e9 internet do vizinho\u2019<\/p>\n<p>&#8211; Bluetooth 4.1 ( voc\u00ea pode transferir v\u00e1rias fotos ao mesmo tempo para seu notebook)<\/p>\n<p>&#8211; Interfaces<br \/>\n1x HDMI ( conecte um segundo monitor e seja feliz )<\/p>\n<p>&#8211; 2x USB 3.0 ( fa\u00e7a aquele backup em segundos )<br \/>\n&#8211; 1x USB 2.0<br \/>\n&#8211; 1x USB Tipo C (3.0) ( Nem eu sabia, conecte um Dock Station e use at\u00e9 4 telas ao mesmo tempo, transforme seu not em uma verdadeira esta\u00e7\u00e3o de trabalho)<\/p>\n<p>&#8211; Leitor de cart\u00f5es 4 em 1(SD, SDHC, SDXC, MMC)<br \/>\n1x RJ-45<\/p>\n<p>&#8211; Sistema Operacional<br \/>\nWindows 10 Pro ( Este e original mesmo, tem este neg\u00f3cio de ativador com v\u00edrus n\u00e3o)<\/p>\n<p>Conte\u00fado da Embalagem<br \/>\n&#8211; Notebook<br \/>\n&#8211; Bateria<br \/>\n&#8211; Carregador<\/p>\n<p>&#8211; Alimenta\u00e7\u00e3o<br \/>\nTipo: Bateria de L\u00edtio-\u00cdons (Li-Ion)<br \/>\nN\u00famero de c\u00e9lulas: Bateria de 6 c\u00e9lulas (3 c\u00e9lulas internas + 3 c\u00e9lulas externas)<\/p>\n<p>Dimens\u00f5es (L x A x P): 33,5 x 2,00 x 23,00 cm Peso: 1,686 Kg ( T\u00e3o leve, coisa da nasa)<\/p>\n<p>!!! Os produtos possuem 6 meses de garantia, dentro de 30 dias voc\u00ea poder\u00e1 testar o equipamento, caso n\u00e3o atenda sua necessidade pode pedir o estorno do seu valor ou trocar por outro produto que atenda melhor sua necessidade.<\/p>\n<p>\u2705 Em nosso teste de bateria o notebook apresentou uma autonomia m\u00e9dia 2:00 a 5:00 dependendo do uso.<\/p>\n<p>&nbsp;<\/p>\n","protected":false},"excerpt":{"rendered":"<p>Ultrabook Lenovo ThinkPad T470 i5-7500U 8GB SSD de 256GB Full-HD Win 11 Pro<\/p>\n<h2>10%\u00a0 Desconto Pagamento \u00c0 Vista<\/h2>\n","protected":false},"featured_media":7644,"comment_status":"open","ping_status":"closed","template":"","meta":{"_monsterinsights_skip_tracking":false,"_monsterinsights_sitenote_active":false,"_monsterinsights_sitenote_note":"","_monsterinsights_sitenote_category":0,"_kadence_starter_templates_imported_post":false,"_kad_post_transparent":"default","_kad_post_title":"","_kad_post_layout":"default","_kad_post_sidebar_id":"","_kad_post_content_style":"default","_kad_post_vertical_padding":"default","_kad_post_feature":"","_kad_post_feature_position":"","_kad_post_header":false,"_kad_post_footer":false,"_joinchat":[]},"product_brand":[],"product_cat":[19],"product_tag":[],"class_list":{"0":"post-2916","1":"product","2":"type-product","3":"status-publish","4":"has-post-thumbnail","6":"product_cat-notebooks","8":"first","9":"instock","10":"sale","11":"shipping-taxable","12":"purchasable","13":"product-type-simple","14":"entry","15":"content-bg","16":"loop-entry"},"aioseo_notices":[],"_links":{"self":[{"href":"https:\/\/lojabhinformatica.com.br\/index.php?rest_route=\/wp\/v2\/product\/2916","targetHints":{"allow":["GET"]}}],"collection":[{"href":"https:\/\/lojabhinformatica.com.br\/index.php?rest_route=\/wp\/v2\/product"}],"about":[{"href":"https:\/\/lojabhinformatica.com.br\/index.php?rest_route=\/wp\/v2\/types\/product"}],"replies":[{"embeddable":true,"href":"https:\/\/lojabhinformatica.com.br\/index.php?rest_route=%2Fwp%2Fv2%2Fcomments&post=2916"}],"version-history":[{"count":2,"href":"https:\/\/lojabhinformatica.com.br\/index.php?rest_route=\/wp\/v2\/product\/2916\/revisions"}],"predecessor-version":[{"id":8243,"href":"https:\/\/lojabhinformatica.com.br\/index.php?rest_route=\/wp\/v2\/product\/2916\/revisions\/8243"}],"wp:featuredmedia":[{"embeddable":true,"href":"https:\/\/lojabhinformatica.com.br\/index.php?rest_route=\/wp\/v2\/media\/7644"}],"wp:attachment":[{"href":"https:\/\/lojabhinformatica.com.br\/index.php?rest_route=%2Fwp%2Fv2%2Fmedia&parent=2916"}],"wp:term":[{"taxonomy":"product_brand","embeddable":true,"href":"https:\/\/lojabhinformatica.com.br\/index.php?rest_route=%2Fwp%2Fv2%2Fproduct_brand&post=2916"},{"taxonomy":"product_cat","embeddable":true,"href":"https:\/\/lojabhinformatica.com.br\/index.php?rest_route=%2Fwp%2Fv2%2Fproduct_cat&post=2916"},{"taxonomy":"product_tag","embeddable":true,"href":"https:\/\/lojabhinformatica.com.br\/index.php?rest_route=%2Fwp%2Fv2%2Fproduct_tag&post=2916"}],"curies":[{"name":"wp","href":"https:\/\/api.w.org\/{rel}","templated":true}]}}