{"id":3611,"date":"2021-10-27T18:27:34","date_gmt":"2021-10-27T18:27:34","guid":{"rendered":"https:\/\/lojabhinformatica.com.br\/?post_type=product&#038;p=3611"},"modified":"2026-02-13T20:06:13","modified_gmt":"2026-02-13T20:06:13","slug":"eirelle","status":"publish","type":"product","link":"https:\/\/lojabhinformatica.com.br\/?product=eirelle","title":{"rendered":"Notebook Dell Latitude 12 5280"},"content":{"rendered":"<p>Especifica\u00e7\u00f5es t\u00e9cnicas.<\/p>\n<p>Marca: Dell<br \/>\nModelo: Latitude 12 5280<br \/>\nCor: Preto<\/p>\n<p>Sistema Operacional: Windows 11 PRO<\/p>\n<p>Tela<br \/>\n&#8211; Polegadas da Tela : 12,5&#8243;<br \/>\n&#8211; Tela LED antirreflexo<br \/>\n&#8211; Resolu\u00e7\u00e3o: HD 1366 x 768<br \/>\n&#8211; Touchscreen: N\u00e3o possui<\/p>\n<p>Processador<br \/>\n&#8211; Intel Core i5-7300U de 7\u00aa Gera\u00e7\u00e3o<br \/>\n&#8211; Frequ\u00eancia: 2.6 GHz at\u00e9 3.5 GHz com Max Turbo<br \/>\n&#8211; Cache: 3MB<\/p>\n<p>Mem\u00f3ria RAM<br \/>\n&#8211; 8 GB<br \/>\n&#8211; Velocidade 2400MHz DDR4<\/p>\n<p>Armazenamento<br \/>\n&#8211; SSD de 256GB<\/p>\n<p>Placa de v\u00eddeo<br \/>\n&#8211; Integrada, Intel HD Graphics 620<\/p>\n<p>&#8211; Placa de Som: Waves MaxxAudio Pro<br \/>\n&#8211; Webcam HD 720p com Microfone<br \/>\n&#8211; Chipset: Integrado ao processador<br \/>\n&#8211; Placa de Rede: RJ45 &#8211; 10\/100 Ethernet<br \/>\n&#8211; Dell wireless 1820 wifi 802.11ac, dual band 2.4\/5.0 ghz<\/p>\n<p>Conex\u00f5es:<br \/>\n&#8211; 2x USB 3.0 (uma com powershare)<br \/>\n&#8211; 1x RJ-45<br \/>\n&#8211; 1x HDMI<br \/>\n&#8211; 1x VGA<br \/>\n&#8211; 1x DisplayPort\u2122 por USB Type-C<br \/>\n&#8211; 1x Entrada para Leitor de cart\u00e3o SD<br \/>\n&#8211; 1x Entrada combinada de headset\/microfone<br \/>\n&#8211; 1x Slot de seguran\u00e7a Noble<br \/>\n&#8211; Driver de DVD: N\u00e3o possui<br \/>\n&#8211; Bluetooth 4.0<br \/>\n&#8211; Touchpad eletrost\u00e1tico<\/p>\n<p>&#8211; Alimenta\u00e7\u00e3o: Bivolt<br \/>\n&#8211; Bateria: 40 WHr, 4 C\u00e9lulas (Ions de l\u00edtio)<\/p>\n<p>Conte\u00fado da Embalagem:<br \/>\n&#8211; 1x Notebook<br \/>\n&#8211; 1x Adaptador AC<br \/>\n&#8211; 1x Cabo de for\u00e7a<\/p>\n<p>Dimens\u00f5es: 305 x 211 x 21.4 mm<br \/>\nPeso: 1.36 kg<\/p>\n","protected":false},"excerpt":{"rendered":"<p>Notebook Dell Latitude 12 5280 &#8211; Tela 12.5&#8243; HD, Intel i5 7300U, 8GB DDR4, SSD 256GB, Windows 11 Pro<\/p>\n<h2>10%\u00a0 Desconto Pagamento \u00c0 Vista<\/h2>\n","protected":false},"featured_media":7645,"comment_status":"open","ping_status":"closed","template":"","meta":{"_monsterinsights_skip_tracking":false,"_monsterinsights_sitenote_active":false,"_monsterinsights_sitenote_note":"","_monsterinsights_sitenote_category":0,"_kadence_starter_templates_imported_post":false,"_kad_post_transparent":"default","_kad_post_title":"","_kad_post_layout":"default","_kad_post_sidebar_id":"","_kad_post_content_style":"default","_kad_post_vertical_padding":"default","_kad_post_feature":"","_kad_post_feature_position":"","_kad_post_header":false,"_kad_post_footer":false,"_joinchat":[]},"product_brand":[],"product_cat":[19],"product_tag":[],"class_list":{"0":"post-3611","1":"product","2":"type-product","3":"status-publish","4":"has-post-thumbnail","6":"product_cat-notebooks","8":"first","9":"instock","10":"shipping-taxable","11":"purchasable","12":"product-type-simple","13":"entry","14":"content-bg","15":"loop-entry"},"aioseo_notices":[],"_links":{"self":[{"href":"https:\/\/lojabhinformatica.com.br\/index.php?rest_route=\/wp\/v2\/product\/3611","targetHints":{"allow":["GET"]}}],"collection":[{"href":"https:\/\/lojabhinformatica.com.br\/index.php?rest_route=\/wp\/v2\/product"}],"about":[{"href":"https:\/\/lojabhinformatica.com.br\/index.php?rest_route=\/wp\/v2\/types\/product"}],"replies":[{"embeddable":true,"href":"https:\/\/lojabhinformatica.com.br\/index.php?rest_route=%2Fwp%2Fv2%2Fcomments&post=3611"}],"version-history":[{"count":3,"href":"https:\/\/lojabhinformatica.com.br\/index.php?rest_route=\/wp\/v2\/product\/3611\/revisions"}],"predecessor-version":[{"id":8277,"href":"https:\/\/lojabhinformatica.com.br\/index.php?rest_route=\/wp\/v2\/product\/3611\/revisions\/8277"}],"wp:featuredmedia":[{"embeddable":true,"href":"https:\/\/lojabhinformatica.com.br\/index.php?rest_route=\/wp\/v2\/media\/7645"}],"wp:attachment":[{"href":"https:\/\/lojabhinformatica.com.br\/index.php?rest_route=%2Fwp%2Fv2%2Fmedia&parent=3611"}],"wp:term":[{"taxonomy":"product_brand","embeddable":true,"href":"https:\/\/lojabhinformatica.com.br\/index.php?rest_route=%2Fwp%2Fv2%2Fproduct_brand&post=3611"},{"taxonomy":"product_cat","embeddable":true,"href":"https:\/\/lojabhinformatica.com.br\/index.php?rest_route=%2Fwp%2Fv2%2Fproduct_cat&post=3611"},{"taxonomy":"product_tag","embeddable":true,"href":"https:\/\/lojabhinformatica.com.br\/index.php?rest_route=%2Fwp%2Fv2%2Fproduct_tag&post=3611"}],"curies":[{"name":"wp","href":"https:\/\/api.w.org\/{rel}","templated":true}]}}