{"id":7841,"date":"2022-02-15T22:46:24","date_gmt":"2022-02-15T22:46:24","guid":{"rendered":"https:\/\/lojabhinformatica.com.br\/?post_type=product&#038;p=7841"},"modified":"2024-05-10T02:17:59","modified_gmt":"2024-05-10T02:17:59","slug":"lenovo-thinkpad-t480-i5-16gb-ssd-256-14-full-hd-win-11-pro","status":"publish","type":"product","link":"https:\/\/lojabhinformatica.com.br\/?product=lenovo-thinkpad-t480-i5-16gb-ssd-256-14-full-hd-win-11-pro","title":{"rendered":"Lenovo ThinkPad T480"},"content":{"rendered":"<p>Descri\u00e7\u00e3o<\/p>\n<p>PRONTO PARA OS NEG\u00d3CIOS<br \/>\nO ThinkPad T480 \u00e9 um notebook de 14 polegadas, robusto, seguro e concebido para melhorar a sua produtividade. Possui uma s\u00e9rie de tecnologias de ponta, incluindo leitor de impress\u00f5es digitais, longa dura\u00e7\u00e3o de bateria, al\u00e9m da tradicional confiabilidade de um ThinkPad.<\/p>\n<p>Especifica\u00e7\u00f5es T\u00e9cnicas<\/p>\n<p>Processador<br \/>\nIntel\u00ae Core\u2122 i5-8350U<\/p>\n<p>Sistema Operacional<br \/>\nWindows 11 Pro<\/p>\n<p>V\u00eddeo<br \/>\nIntel\u00ae UHD 620<\/p>\n<p>Webcam<br \/>\nPadr\u00e3o: 720p HD camera com Tecnologia ThinkShutter<\/p>\n<p>Mem\u00f3ria<br \/>\n16GB DDR4 2400 MHz (2 Slots de Mem\u00f3ria)<br \/>\nMem\u00f3ria M\u00e1xima: 32GB<\/p>\n<p>Armazenamento<br \/>\nSSD 256GB<\/p>\n<p>\u00c1udio<br \/>\nDolby\u00ae Audio Premium\u2122<br \/>\nMicrofones Dual-array<\/p>\n<p>Tela<br \/>\n14 Full-HD anti-reflexos<\/p>\n<p>Teclado (layout)<br \/>\nPortugu\u00eas (BR)<\/p>\n<p>Portas<br \/>\n1 x Intel\u00ae Thunderbolt\u2122 3<br \/>\n1 x USB-C<br \/>\n2 x USB 3.1 (1 x Always On)<br \/>\n1 x conector combinado de fone de ouvido<br \/>\nLeitor de cart\u00e3o 4-in-1 SD (SD, MMC, SDHC, SDXC)<br \/>\n1 x HDMI<br \/>\n1 x RJ45<\/p>\n<p>Dimens\u00f5es<br \/>\n336,6 x 232,5 x 19,95 mm<\/p>\n<p>WLAN<br \/>\nIntel\u00ae Dual Band Wireless-AC (2 x 2)<\/p>\n<p>Bluetooth\u00ae<br \/>\n4.2<\/p>\n<p>Conte\u00fado da Embalagem<br \/>\n\u2013 Notebook<br \/>\n\u2013 Bateria<br \/>\n\u2013 Carregador<\/p>\n<p>\u2013 Alimenta\u00e7\u00e3o<br \/>\nTipo: Bateria de L\u00edtio-\u00cdons (Li-Ion)<br \/>\nN\u00famero de c\u00e9lulas: Bateria de 6 c\u00e9lulas (3 c\u00e9lulas internas + 3 c\u00e9lulas externas)<\/p>\n<p>Peso<br \/>\nA partir de 1,65 kg<\/p>\n<p>!!! Os produtos possuem 6 meses de garantia, dentro de 30 dias voc\u00ea poder\u00e1 testar o equipamento, caso n\u00e3o atenda sua necessidade pode pedir o estorno do seu valor ou trocar por outro produto que atenda melhor sua necessidade.<\/p>\n<p>Em nosso teste de bateria o notebook apresentou uma autonomia m\u00e9dia 2:00 a 5:00 dependendo do uso.<\/p>\n","protected":false},"excerpt":{"rendered":"<p>Lenovo ThinkPad T480 i5 16GB SSD 256 14 Full-HD Win 11 pro<\/p>\n<h5>10% Desconto Pagamento \u00c0 Vista<\/h5>\n","protected":false},"featured_media":7801,"comment_status":"open","ping_status":"closed","template":"","meta":{"_monsterinsights_skip_tracking":false,"_monsterinsights_sitenote_active":false,"_monsterinsights_sitenote_note":"","_monsterinsights_sitenote_category":0,"_kadence_starter_templates_imported_post":false,"_kad_post_transparent":"default","_kad_post_title":"","_kad_post_layout":"default","_kad_post_sidebar_id":"","_kad_post_content_style":"default","_kad_post_vertical_padding":"default","_kad_post_feature":"","_kad_post_feature_position":"","_kad_post_header":false,"_kad_post_footer":false,"_joinchat":[]},"product_brand":[],"product_cat":[27],"product_tag":[],"class_list":{"0":"post-7841","1":"product","2":"type-product","3":"status-publish","4":"has-post-thumbnail","6":"product_cat-workstation","8":"first","9":"instock","10":"shipping-taxable","11":"purchasable","12":"product-type-simple","13":"entry","14":"content-bg","15":"loop-entry"},"aioseo_notices":[],"_links":{"self":[{"href":"https:\/\/lojabhinformatica.com.br\/index.php?rest_route=\/wp\/v2\/product\/7841","targetHints":{"allow":["GET"]}}],"collection":[{"href":"https:\/\/lojabhinformatica.com.br\/index.php?rest_route=\/wp\/v2\/product"}],"about":[{"href":"https:\/\/lojabhinformatica.com.br\/index.php?rest_route=\/wp\/v2\/types\/product"}],"replies":[{"embeddable":true,"href":"https:\/\/lojabhinformatica.com.br\/index.php?rest_route=%2Fwp%2Fv2%2Fcomments&post=7841"}],"version-history":[{"count":3,"href":"https:\/\/lojabhinformatica.com.br\/index.php?rest_route=\/wp\/v2\/product\/7841\/revisions"}],"predecessor-version":[{"id":8273,"href":"https:\/\/lojabhinformatica.com.br\/index.php?rest_route=\/wp\/v2\/product\/7841\/revisions\/8273"}],"wp:featuredmedia":[{"embeddable":true,"href":"https:\/\/lojabhinformatica.com.br\/index.php?rest_route=\/wp\/v2\/media\/7801"}],"wp:attachment":[{"href":"https:\/\/lojabhinformatica.com.br\/index.php?rest_route=%2Fwp%2Fv2%2Fmedia&parent=7841"}],"wp:term":[{"taxonomy":"product_brand","embeddable":true,"href":"https:\/\/lojabhinformatica.com.br\/index.php?rest_route=%2Fwp%2Fv2%2Fproduct_brand&post=7841"},{"taxonomy":"product_cat","embeddable":true,"href":"https:\/\/lojabhinformatica.com.br\/index.php?rest_route=%2Fwp%2Fv2%2Fproduct_cat&post=7841"},{"taxonomy":"product_tag","embeddable":true,"href":"https:\/\/lojabhinformatica.com.br\/index.php?rest_route=%2Fwp%2Fv2%2Fproduct_tag&post=7841"}],"curies":[{"name":"wp","href":"https:\/\/api.w.org\/{rel}","templated":true}]}}