{"id":8205,"date":"2023-09-14T22:56:08","date_gmt":"2023-09-14T22:56:08","guid":{"rendered":"https:\/\/lojabhinformatica.com.br\/?post_type=product&#038;p=8205"},"modified":"2023-09-15T15:24:04","modified_gmt":"2023-09-15T15:24:04","slug":"hp-z440-intel-xeon-e5-1650-v4-64gb-ddr4","status":"publish","type":"product","link":"https:\/\/lojabhinformatica.com.br\/?product=hp-z440-intel-xeon-e5-1650-v4-64gb-ddr4","title":{"rendered":"HP z440  \u2013 INTEL XEON E5-1650-V4 \u2013 64GB DDR4 M4000"},"content":{"rendered":"<p>HP z440<\/p>\n<p>&#8211; INTEL XEON E5-1650-V4<br \/>\n&#8211; 64GB DDR4 Registrada Servidor<br \/>\n1TB SATA \/<br \/>\nSSD Sata 240GB<br \/>\n&#8211; Placa de v\u00eddeo Nvidia quadro M4000 8GB<br \/>\n&#8211; Windows 11 pro original ( licen\u00e7a vital\u00edcia )<\/p>\n<p>Workstation HP Z440<\/p>\n<p>PROCESSADOR<br \/>\n\u2013 Intel Xeon E5-1650 V4<br \/>\n\u2013 Velocidade: 3.60GHz<br \/>\n\u2013 Segmento Vertical: Server<br \/>\n\u2013 N\u00famero de n\u00facleos: 6<br \/>\n\u2013 N\u00famero de threads: 12<br \/>\n\u2013 Frequ\u00eancia tudo Max 4.0GHz<br \/>\n\u2013 Cache: 15MB Intel Smart Cache<br \/>\n\u2013 TDP(Pot\u00eancia de design t\u00e9rmico: 140w<br \/>\n\u2013 Socket para 1 Processador<\/p>\n<p>MEMORIA<br \/>\n&#8211; Instalado: 32GB (4x 8GB<br \/>\n&#8211; Conector de m\u00f3dulo de mem\u00f3ria: 8slots<br \/>\n&#8211; Capacidade do m\u00f3dulo de mem\u00f3ria: 4GB, 8GB, 16GB 32GB<br \/>\n&#8211; Mem\u00f3ria m\u00ednima: 4GB<br \/>\n&#8211; Mem\u00f3ria m\u00e1xima: 256GB<\/p>\n<p>ARMAZENAMENTO<br \/>\n&#8211; SSD 256GB<br \/>\n&#8211; HD 1TB<\/p>\n<p>Placa de v\u00eddeo: Nvidia Quadro M4000 8GB<br \/>\n&#8211; Tipo: GDDR5<br \/>\n&#8211; Interface: 128bits<br \/>\nN\u00famero de monitores suportados: 4<br \/>\n&#8211; Resolu\u00e7\u00e3o m\u00e1xima mini DP 1.2: 4096 x 2160 a 60Hz<\/p>\n<p>CONEX\u00d5ES FRONTAIS<br \/>\n&#8211; 1 conex\u00f4es 3.0<br \/>\n&#8211; 3 conex\u00f5es 2.0<\/p>\n<p>CONEX\u00d5ES TRASEIRAS<br \/>\n&#8211; 3 conex\u00f4es 3.0<br \/>\n&#8211; 3 conex\u00f5es 2.0<\/p>\n<p>EXPANS\u00c3O<br \/>\n&#8211; 1 slot_PCI6<br \/>\n&#8211; 1 slot5_PCIe2x4 25W<br \/>\n&#8211; 1 slot4_PCI3x16 75W<br \/>\n&#8211; 1 slot1_PCIe3x8 25W<\/p>\n<p>SISTEMA OPERACIONAL<br \/>\n&#8211; Windows\u00a011\u00a0Pro\u00a0Original<\/p>\n","protected":false},"excerpt":{"rendered":"<p>HP z440 \u2013 INTEL XEON E5-1650-V4 \u2013 64GB DDR4 Registrada Servidor 1TB SATA \/ SSD Sata 240GB \u2013 Placa de v\u00eddeo Nvidia quadro M4000 8GB \u2013 Windows 11 pro original ( licen\u00e7a vital\u00edcia )<\/p>\n<h2>10%\u00a0 Desconto Pagamento \u00c0 Vista<\/h2>\n<p>&#8211;<\/p>\n","protected":false},"featured_media":8180,"comment_status":"open","ping_status":"closed","template":"","meta":{"_monsterinsights_skip_tracking":false,"_monsterinsights_sitenote_active":false,"_monsterinsights_sitenote_note":"","_monsterinsights_sitenote_category":0,"_kadence_starter_templates_imported_post":false,"_kad_post_transparent":"default","_kad_post_title":"","_kad_post_layout":"default","_kad_post_sidebar_id":"","_kad_post_content_style":"default","_kad_post_vertical_padding":"default","_kad_post_feature":"","_kad_post_feature_position":"","_kad_post_header":false,"_kad_post_footer":false,"_joinchat":[]},"product_brand":[],"product_cat":[27],"product_tag":[],"class_list":{"0":"post-8205","1":"product","2":"type-product","3":"status-publish","4":"has-post-thumbnail","6":"product_cat-workstation","8":"first","9":"instock","10":"shipping-taxable","11":"purchasable","12":"product-type-simple","13":"entry","14":"content-bg","15":"loop-entry"},"aioseo_notices":[],"_links":{"self":[{"href":"https:\/\/lojabhinformatica.com.br\/index.php?rest_route=\/wp\/v2\/product\/8205","targetHints":{"allow":["GET"]}}],"collection":[{"href":"https:\/\/lojabhinformatica.com.br\/index.php?rest_route=\/wp\/v2\/product"}],"about":[{"href":"https:\/\/lojabhinformatica.com.br\/index.php?rest_route=\/wp\/v2\/types\/product"}],"replies":[{"embeddable":true,"href":"https:\/\/lojabhinformatica.com.br\/index.php?rest_route=%2Fwp%2Fv2%2Fcomments&post=8205"}],"version-history":[{"count":9,"href":"https:\/\/lojabhinformatica.com.br\/index.php?rest_route=\/wp\/v2\/product\/8205\/revisions"}],"predecessor-version":[{"id":8332,"href":"https:\/\/lojabhinformatica.com.br\/index.php?rest_route=\/wp\/v2\/product\/8205\/revisions\/8332"}],"wp:featuredmedia":[{"embeddable":true,"href":"https:\/\/lojabhinformatica.com.br\/index.php?rest_route=\/wp\/v2\/media\/8180"}],"wp:attachment":[{"href":"https:\/\/lojabhinformatica.com.br\/index.php?rest_route=%2Fwp%2Fv2%2Fmedia&parent=8205"}],"wp:term":[{"taxonomy":"product_brand","embeddable":true,"href":"https:\/\/lojabhinformatica.com.br\/index.php?rest_route=%2Fwp%2Fv2%2Fproduct_brand&post=8205"},{"taxonomy":"product_cat","embeddable":true,"href":"https:\/\/lojabhinformatica.com.br\/index.php?rest_route=%2Fwp%2Fv2%2Fproduct_cat&post=8205"},{"taxonomy":"product_tag","embeddable":true,"href":"https:\/\/lojabhinformatica.com.br\/index.php?rest_route=%2Fwp%2Fv2%2Fproduct_tag&post=8205"}],"curies":[{"name":"wp","href":"https:\/\/api.w.org\/{rel}","templated":true}]}}