{"id":8255,"date":"2023-09-15T12:26:16","date_gmt":"2023-09-15T12:26:16","guid":{"rendered":"https:\/\/lojabhinformatica.com.br\/?post_type=product&#038;p=8255"},"modified":"2023-09-15T12:33:38","modified_gmt":"2023-09-15T12:33:38","slug":"nvidia-quadro-p5000-16gb","status":"publish","type":"product","link":"https:\/\/lojabhinformatica.com.br\/?product=nvidia-quadro-p5000-16gb","title":{"rendered":"Nvidia quadro p5000 16GB\u00a0"},"content":{"rendered":"<p>A NVIDIA Quadro P500 \u00e9 uma placa de v\u00eddeo profissional que oferece 16 GB de mem\u00f3ria GDDR5 dedicada. Para configur\u00e1-la em seu sistema, siga estas etapas gerais:<\/p>\n<p>1. Certifique-se de que seu computador atenda aos requisitos m\u00ednimos de sistema para a Quadro P500. Isso inclui compatibilidade de slot PCIe, requisitos de energia e suporte ao sistema operacional.<\/p>\n<p>2. Desligue o computador e desconecte-o da fonte de energia para garantir a seguran\u00e7a durante a instala\u00e7\u00e3o.<\/p>\n<p>3. Abra o gabinete do seu computador e localize um slot PCIe x16 vazio onde voc\u00ea possa inserir a placa de v\u00eddeo.<\/p>\n<p>4. Com cuidado, insira a placa Quadro P500 no slot PCIe x16 e certifique-se de que ela esteja firmemente encaixada. Use os parafusos fornecidos para fixar a placa no gabinete, se necess\u00e1rio.<\/p>\n<p>5. Conecte os cabos de alimenta\u00e7\u00e3o necess\u00e1rios \u00e0 placa, se houver algum. Alguns modelos de placas de v\u00eddeo Quadro podem requerer uma conex\u00e3o de alimenta\u00e7\u00e3o adicional.<\/p>\n<p>6. Feche o gabinete do computador e reconecte-o \u00e0 fonte de energia.<\/p>\n<p>7. Ligue o computador e siga as instru\u00e7\u00f5es para instalar os drivers mais recentes da NVIDIA para a Quadro P500. Voc\u00ea pode baixar esses drivers no site da NVIDIA<\/p>\n<p>8. Ap\u00f3s a instala\u00e7\u00e3o dos drivers, reinicie o computador, e a placa Quadro P500 deve estar pronta para uso.<\/p>\n<p>Lembre-se de que, dependendo do seu uso espec\u00edfico, voc\u00ea pode precisar configurar as configura\u00e7\u00f5es gr\u00e1ficas do sistema ou de aplicativos para aproveitar ao m\u00e1ximo o desempenho da placa Quadro P500. Certifique-se tamb\u00e9m de que sua fonte de alimenta\u00e7\u00e3o seja adequada para a placa e de que o sistema esteja devidamente resfriado para evitar superaquecimento.<\/p>\n","protected":false},"excerpt":{"rendered":"<p>Nvidia quadro p5000 16GB<\/p>\n<h2>10%\u00a0 Desconto Pagamento \u00c0 Vista<\/h2>\n","protected":false},"featured_media":8251,"comment_status":"open","ping_status":"closed","template":"","meta":{"_monsterinsights_skip_tracking":false,"_monsterinsights_sitenote_active":false,"_monsterinsights_sitenote_note":"","_monsterinsights_sitenote_category":0,"_kadence_starter_templates_imported_post":false,"_kad_post_transparent":"default","_kad_post_title":"","_kad_post_layout":"default","_kad_post_sidebar_id":"","_kad_post_content_style":"default","_kad_post_vertical_padding":"default","_kad_post_feature":"","_kad_post_feature_position":"","_kad_post_header":false,"_kad_post_footer":false,"_joinchat":[]},"product_brand":[],"product_cat":[26],"product_tag":[],"class_list":{"0":"post-8255","1":"product","2":"type-product","3":"status-publish","4":"has-post-thumbnail","6":"product_cat-acessorios","8":"first","9":"instock","10":"shipping-taxable","11":"purchasable","12":"product-type-simple","13":"entry","14":"content-bg","15":"loop-entry"},"aioseo_notices":[],"_links":{"self":[{"href":"https:\/\/lojabhinformatica.com.br\/index.php?rest_route=\/wp\/v2\/product\/8255","targetHints":{"allow":["GET"]}}],"collection":[{"href":"https:\/\/lojabhinformatica.com.br\/index.php?rest_route=\/wp\/v2\/product"}],"about":[{"href":"https:\/\/lojabhinformatica.com.br\/index.php?rest_route=\/wp\/v2\/types\/product"}],"replies":[{"embeddable":true,"href":"https:\/\/lojabhinformatica.com.br\/index.php?rest_route=%2Fwp%2Fv2%2Fcomments&post=8255"}],"version-history":[{"count":1,"href":"https:\/\/lojabhinformatica.com.br\/index.php?rest_route=\/wp\/v2\/product\/8255\/revisions"}],"predecessor-version":[{"id":8256,"href":"https:\/\/lojabhinformatica.com.br\/index.php?rest_route=\/wp\/v2\/product\/8255\/revisions\/8256"}],"wp:featuredmedia":[{"embeddable":true,"href":"https:\/\/lojabhinformatica.com.br\/index.php?rest_route=\/wp\/v2\/media\/8251"}],"wp:attachment":[{"href":"https:\/\/lojabhinformatica.com.br\/index.php?rest_route=%2Fwp%2Fv2%2Fmedia&parent=8255"}],"wp:term":[{"taxonomy":"product_brand","embeddable":true,"href":"https:\/\/lojabhinformatica.com.br\/index.php?rest_route=%2Fwp%2Fv2%2Fproduct_brand&post=8255"},{"taxonomy":"product_cat","embeddable":true,"href":"https:\/\/lojabhinformatica.com.br\/index.php?rest_route=%2Fwp%2Fv2%2Fproduct_cat&post=8255"},{"taxonomy":"product_tag","embeddable":true,"href":"https:\/\/lojabhinformatica.com.br\/index.php?rest_route=%2Fwp%2Fv2%2Fproduct_tag&post=8255"}],"curies":[{"name":"wp","href":"https:\/\/api.w.org\/{rel}","templated":true}]}}